{"id":836,"date":"2017-01-14T12:53:52","date_gmt":"2017-01-14T12:53:52","guid":{"rendered":"http:\/\/eleanordemo.devclick.uk\/?page_id=52"},"modified":"2019-02-22T16:09:40","modified_gmt":"2019-02-22T16:09:40","slug":"besser-einkaufen","status":"publish","type":"page","link":"https:\/\/www.global-sense.com\/index.php\/services\/besser-einkaufen\/","title":{"rendered":"Besser einkaufen"},"content":{"rendered":"<div id=\"pl-836\"  class=\"panel-layout\" ><div id=\"pg-836-0\"  class=\"panel-grid panel-has-style\" ><div data-overlay-color=\"#000000\" class=\"panel-row-style panel-row-style-for-836-0\" ><div id=\"pgc-836-0-0\"  class=\"panel-grid-cell\" ><div id=\"panel-836-0-0-0\" class=\"so-panel widget widget_black-studio-tinymce widget_black_studio_tinymce panel-first-child panel-last-child\" data-index=\"0\" ><div class=\"textwidget\"><p><a href=\"http:\/\/demo.devclick.uk\/eleanor\/wp-content\/uploadz\/2017\/01\/project-management.jpg\"><img class=\"alignnone size-full wp-image-204\" src=\"http:\/\/demo.devclick.uk\/eleanor\/wp-content\/uploadz\/2017\/01\/project-management.jpg\" alt=\"Project Management\" width=\"1170\" height=\"700\" \/><\/a><\/p>\n<\/div><\/div><\/div><\/div><\/div><div id=\"pg-836-1\"  class=\"panel-grid panel-has-style\" ><div data-overlay-color=\"#000000\" class=\"panel-row-style panel-row-style-for-836-1\" ><div id=\"pgc-836-1-0\"  class=\"panel-grid-cell\" ><div id=\"panel-836-1-0-0\" class=\"so-panel widget widget_black-studio-tinymce widget_black_studio_tinymce panel-first-child panel-last-child\" data-index=\"1\" ><div class=\"textwidget\"><h2>Tatkr\u00e4ftige Einkaufsunterst\u00fctzung<\/h2>\n<div class=\"node\">\n<div class=\"content\">\n<p>Sie erwarten<strong> mehr Einsparungen im Einkauf Ihres Materials und Ihrer Dienstleistung<\/strong>?<\/p>\n<p>Sie wachsen stark gewachsen?<\/p>\n<p>Sie ben\u00f6tigen f\u00fcr ein Projekt einen starken Einkauf?<\/p>\n<p>Sie m\u00f6chten Ihren Einkauf durch <strong>aktives Vorleben<\/strong> st\u00e4rken?<\/p>\n<p>Sie haben einen <strong>Personalengpa\u00df<\/strong> im Einkauf?<\/p>\n<p>Aufgrund der jahrzehntelangen Praxiserfahrung ist das <strong>aktive Einkaufen<\/strong> sowie das Entwickeln einer professionellen Einkaufsorganisation einer der Kernkompetenzen von GlobalSense. So werden Sie mit uns schnell und effektiv Ihre Materialkosten senken.<\/p>\n<p>Hier gibt es viele Gestaltungsm\u00f6glichkeiten: Von der t\u00e4glichen Unterst\u00fctzung im Team bis hin zur punktuellen Unterst\u00fctzung.<\/p>\n<p>Lassen Sie uns \u00fcber die optimale L\u00f6sung f\u00fcr Sie sprechen.<\/p><\/div>\n<\/div>\n<\/div><\/div><\/div><\/div><\/div><div id=\"pg-836-2\"  class=\"panel-grid panel-has-style\" ><div data-overlay-color=\"#000000\" class=\"panel-row-style panel-row-style-for-836-2\" ><div id=\"pgc-836-2-0\"  class=\"panel-grid-cell\" ><div id=\"panel-836-2-0-0\" class=\"so-panel widget widget_dc_content_box devclick-content-box panel-first-child panel-last-child\" data-index=\"2\" >\n\t\t\t\n\t\t\t\t<div class=\"content-box\">\n\n\t\t\t\n\t\t\t\t<h2>Projektbeispiele<\/h2>\n\n\t\t\t\t<p><\/p>\n\n\t\t\t\t\n\t\t\t<\/div><!-- .content-box -->\n\n\t\t<\/div><\/div><\/div><\/div><div id=\"pg-836-3\"  class=\"panel-grid panel-has-style\" ><div data-overlay-color=\"#000000\" class=\"panel-row-style panel-row-style-for-836-3\" ><div id=\"pgc-836-3-0\"  class=\"panel-grid-cell\" ><div id=\"panel-836-3-0-0\" class=\"so-panel widget widget_dc_feature_case devclick-featured-case-study panel-first-child panel-last-child\" data-index=\"3\" >\n\t\t\t<div class=\"featured-case featured-case-style-two\">\n\t\t\t\t\n\t\t\t\t\t\t\t\t\t<a href=\"https:\/\/www.global-sense.com\/index.php\/case-studies\/tatkraeftige_kostensenkung_im_einkauf\/\" class=\"featured-case-image\">\n\t\t\t\t\t\t<img src=\"https:\/\/www.global-sense.com\/wp-content\/uploads\/2017\/01\/cutting-costs-to-grow-stronger-435x260.jpg\" srcset=\"https:\/\/www.global-sense.com\/wp-content\/uploads\/2017\/01\/cutting-costs-to-grow-stronger-1086x650.jpg 1024w, https:\/\/www.global-sense.com\/wp-content\/uploads\/2017\/01\/cutting-costs-to-grow-stronger-652x390.jpg 640w, https:\/\/www.global-sense.com\/wp-content\/uploads\/2017\/01\/cutting-costs-to-grow-stronger-435x260.jpg 320w\" sizes=\"(min-width: 992px) 40vw, 110vw\" alt=\"Cutting costs to grow stronger\">\n\t\t\t\t\t<\/a>\n\t\t\t\t\n\t\t\t\t<div class=\"featured-case-inner text-left\">\n\t\t\t\t\t\n\t\t\t\t\t<h3>\n\t\t\t\t\t\t<a href=\"https:\/\/www.global-sense.com\/index.php\/case-studies\/tatkraeftige_kostensenkung_im_einkauf\/\">Tatkr\u00e4ftige Kostensenkung im Einkauf<\/a>\n\t\t\t\t\t<\/h3>\n\n\t\t\t\t\t\t\t\t\t\t\t<p>Die Einkaufskosten f\u00fcr Materialien, Energie, Dienstleistungen etc. machen bei vielen Unternehmen zwischen 35-50% aus. Durch...<\/p>\n\t\t\t\t\t\n\t\t\t\t\t\t\t\t\t\t\t<a href=\"https:\/\/www.global-sense.com\/index.php\/case-studies\/tatkraeftige_kostensenkung_im_einkauf\/\" class=\"featured-case-link\">Projektbeispiel ansehen<\/a>\n\t\t\t\t\t\n\t\t\t\t<\/div><!-- .featured-case-inner -->\n\n\t\t\t<\/div><!-- .featured-case -->\n\n\t\t<\/div><\/div><div id=\"pgc-836-3-1\"  class=\"panel-grid-cell\" ><div id=\"panel-836-3-1-0\" class=\"so-panel widget widget_dc_feature_case devclick-featured-case-study panel-first-child panel-last-child\" data-index=\"4\" >\n\t\t\t<div class=\"featured-case featured-case-style-two\">\n\t\t\t\t\n\t\t\t\t\t\t\t\t\t<a href=\"https:\/\/www.global-sense.com\/index.php\/case-studies\/creating-online-sales-for-events-company\/\" class=\"featured-case-image\">\n\t\t\t\t\t\t<img src=\"https:\/\/www.global-sense.com\/wp-content\/uploads\/2017\/01\/creating-online-sales-for-event-company-435x260.jpg\" srcset=\"https:\/\/www.global-sense.com\/wp-content\/uploads\/2017\/01\/creating-online-sales-for-event-company-1086x650.jpg 1024w, https:\/\/www.global-sense.com\/wp-content\/uploads\/2017\/01\/creating-online-sales-for-event-company-652x390.jpg 640w, https:\/\/www.global-sense.com\/wp-content\/uploads\/2017\/01\/creating-online-sales-for-event-company-435x260.jpg 320w\" sizes=\"(min-width: 992px) 40vw, 110vw\" alt=\"Creating online sales for event company\">\n\t\t\t\t\t<\/a>\n\t\t\t\t\n\t\t\t\t<div class=\"featured-case-inner text-left\">\n\t\t\t\t\t\n\t\t\t\t\t<h3>\n\t\t\t\t\t\t<a href=\"https:\/\/www.global-sense.com\/index.php\/case-studies\/creating-online-sales-for-events-company\/\">Kostenreduzierung Dienstleistungen<\/a>\n\t\t\t\t\t<\/h3>\n\n\t\t\t\t\t\t\t\t\t\t\t<p>Gro\u00dfe Einsparpotentiale finden sich oftmals bei Frachten, Energie, Kurier-\/ Express-\/ Paketdienste, Telefonie &amp; Daten, Verpackung...<\/p>\n\t\t\t\t\t\n\t\t\t\t\t\t\t\t\t\t\t<a href=\"https:\/\/www.global-sense.com\/index.php\/case-studies\/creating-online-sales-for-events-company\/\" class=\"featured-case-link\">Projektbeispiel ansehen<\/a>\n\t\t\t\t\t\n\t\t\t\t<\/div><!-- .featured-case-inner -->\n\n\t\t\t<\/div><!-- .featured-case -->\n\n\t\t<\/div><\/div><\/div><\/div><\/div>","protected":false},"excerpt":{"rendered":"<p>Einkaufspotentialanalyse? Hands-on-Unterst\u00fctzung?! Mit modernen Methoden &#8230;<\/p>\n","protected":false},"author":1,"featured_media":1363,"parent":828,"menu_order":0,"comment_status":"closed","ping_status":"closed","template":"","meta":[],"_links":{"self":[{"href":"https:\/\/www.global-sense.com\/index.php\/wp-json\/wp\/v2\/pages\/836"}],"collection":[{"href":"https:\/\/www.global-sense.com\/index.php\/wp-json\/wp\/v2\/pages"}],"about":[{"href":"https:\/\/www.global-sense.com\/index.php\/wp-json\/wp\/v2\/types\/page"}],"author":[{"embeddable":true,"href":"https:\/\/www.global-sense.com\/index.php\/wp-json\/wp\/v2\/users\/1"}],"replies":[{"embeddable":true,"href":"https:\/\/www.global-sense.com\/index.php\/wp-json\/wp\/v2\/comments?post=836"}],"version-history":[{"count":27,"href":"https:\/\/www.global-sense.com\/index.php\/wp-json\/wp\/v2\/pages\/836\/revisions"}],"predecessor-version":[{"id":1387,"href":"https:\/\/www.global-sense.com\/index.php\/wp-json\/wp\/v2\/pages\/836\/revisions\/1387"}],"up":[{"embeddable":true,"href":"https:\/\/www.global-sense.com\/index.php\/wp-json\/wp\/v2\/pages\/828"}],"wp:featuredmedia":[{"embeddable":true,"href":"https:\/\/www.global-sense.com\/index.php\/wp-json\/wp\/v2\/media\/1363"}],"wp:attachment":[{"href":"https:\/\/www.global-sense.com\/index.php\/wp-json\/wp\/v2\/media?parent=836"}],"curies":[{"name":"wp","href":"https:\/\/api.w.org\/{rel}","templated":true}]}}