{"id":835,"date":"2017-01-14T12:53:39","date_gmt":"2017-01-14T12:53:39","guid":{"rendered":"http:\/\/eleanordemo.devclick.uk\/?page_id=50"},"modified":"2019-03-06T16:55:09","modified_gmt":"2019-03-06T16:55:09","slug":"senkung-produktkosten","status":"publish","type":"page","link":"https:\/\/www.global-sense.com\/index.php\/services\/senkung-produktkosten\/","title":{"rendered":"Senkung der Produktkosten"},"content":{"rendered":"<div id=\"pl-835\"  class=\"panel-layout\" ><div id=\"pg-835-0\"  class=\"panel-grid panel-has-style\" ><div data-overlay-color=\"#000000\" class=\"panel-row-style panel-row-style-for-835-0\" ><div id=\"pgc-835-0-0\"  class=\"panel-grid-cell\" ><div id=\"panel-835-0-0-0\" class=\"so-panel widget widget_black-studio-tinymce widget_black_studio_tinymce panel-first-child panel-last-child\" data-index=\"0\" ><div class=\"textwidget\"><p><img class=\"alignnone size-full wp-image-1501\" src=\"https:\/\/www.global-sense.com\/wp-content\/uploads\/2019\/03\/Leiterplatte1170x700.jpg\" alt=\"\" width=\"1170\" height=\"700\" \/><\/p>\n<\/div><\/div><\/div><\/div><\/div><div id=\"pg-835-1\"  class=\"panel-grid panel-has-style\" ><div data-overlay-color=\"#000000\" class=\"panel-row-style panel-row-style-for-835-1\" ><div id=\"pgc-835-1-0\"  class=\"panel-grid-cell\" ><div id=\"panel-835-1-0-0\" class=\"so-panel widget widget_black-studio-tinymce widget_black_studio_tinymce panel-first-child panel-last-child\" data-index=\"1\" ><h3 class=\"widget-title\">Senkung der Produktkosten<\/h3><div class=\"textwidget\"><h2>Die Materialkosten Ihres Produkts sind zu hoch?<\/h2>\n<p><b>Verbesserung der Materialeffizienz<\/b>\u00a0bzw. <strong>Materialrationalisierung<\/strong> bedeutet, durch<\/p>\n<div class=\"node\">\n<div class=\"content\">\n<ul>\n<li>weniger Materialeinsatz,<\/li>\n<li>alternative Materialien, aber auch durch<\/li>\n<li>weniger Ausschu\u00df, Qualit\u00e4tsthemen und Abfallreste im Produktionsproze\u00df<\/li>\n<\/ul>\n<p>den gleichen Kundennutzen anbieten zu k\u00f6nnen - und so Ergebnisverbesserungen zu erzielen.<\/p>\n<p>Hierdurch werden nicht nur Kosten gespart, sondern auch Ressourcen geschont.<\/p>\n<p>In diesen Rationalisierungsprojekten gibt es <strong>folgende m\u00f6gliche\u00a0<\/strong><b>Schritte<\/b><br \/>\n(h\u00e4ngt von Ihren individuellen Bed\u00fcrfnissen ab):<\/p>\n<ul>\n<li>Analyse der Materialkosten (ABC-Analyse und Materialgruppen)<\/li>\n<li>Ideenworkshops zur \"Entfeinerung\" der Produkte (weniger Material\/ Hinterfragen der Anforderungen etc.)<\/li>\n<li>Wertanalyse<\/li>\n<li>ggfs. Aufnahme der Materialstr\u00f6me\/Abl\u00e4ufe je Produktgruppe<\/li>\n<li>Ermittlung und Beschreibung von Abfallquellen im Produktionsproze\u00df (Schrott, Nacharbeit, etc.)<\/li>\n<li>Systematisierung und Quantifizierung dieser Abfallquellen<\/li>\n<li>Ableitung von Ma\u00dfnahmen<\/li>\n<li>Zeit- und Ressourcenplanung<\/li>\n<\/ul>\n<p>Die Ma\u00dfnahmen werden anschlie\u00dfen umfassend bewertet und priorisiert.<\/p>\n<p>Hier greifen wir auf umfassende Projekterfahrung\u00a0 - auch schon in Zeiten der Besch\u00e4ftigung bei Gro\u00dfkonzernen, die diesen Proze\u00df professionell beherrschen - zur\u00fcck.<\/p>\n<p>Dar\u00fcber hinaus hat Dr. Thomas Hack als zugelassener Materialeffizienzberater im Projekt mit der OPED GmbH den\u00a0<a href=\"https:\/\/www.global-sense.com\/index.php\/2010\/12\/14\/materialeffizienzpreis\/\" target=\"_blank\" rel=\"noopener\"><b>Materialeffizienzpreis 2010\u00a0<\/b><b>des BMWi<\/b><\/a>\u00a0erhalten.<\/p>\n<p>&nbsp;<\/p><\/div>\n<\/div>\n<\/div><\/div><\/div><\/div><\/div><div id=\"pg-835-2\"  class=\"panel-grid panel-has-style\" ><div data-overlay-color=\"#000000\" class=\"panel-row-style panel-row-style-for-835-2\" ><div id=\"pgc-835-2-0\"  class=\"panel-grid-cell\" ><div id=\"panel-835-2-0-0\" class=\"so-panel widget widget_dc_content_box devclick-content-box panel-first-child panel-last-child\" data-index=\"2\" >\n\t\t\t\n\t\t\t\t<div class=\"content-box\">\n\n\t\t\t\n\t\t\t\t<h2>Typische Projekte<\/h2>\n\n\t\t\t\t<p><\/p>\n\n\t\t\t\t\n\t\t\t<\/div><!-- .content-box -->\n\n\t\t<\/div><\/div><\/div><\/div><div id=\"pg-835-3\"  class=\"panel-grid panel-has-style\" ><div data-overlay-color=\"#000000\" class=\"panel-row-style panel-row-style-for-835-3\" ><div id=\"pgc-835-3-0\"  class=\"panel-grid-cell\" ><div id=\"panel-835-3-0-0\" class=\"so-panel widget widget_dc_feature_case devclick-featured-case-study panel-first-child panel-last-child\" data-index=\"3\" >\n\t\t\t<div class=\"featured-case featured-case-style-two\">\n\t\t\t\t\n\t\t\t\t\t\t\t\t\t<a href=\"https:\/\/www.global-sense.com\/index.php\/case-studies\/produktkostensenkung\/\" class=\"featured-case-image\">\n\t\t\t\t\t\t<img src=\"https:\/\/www.global-sense.com\/wp-content\/uploads\/2017\/01\/Th_Hack-0456_3-435x260.jpg\" srcset=\"https:\/\/www.global-sense.com\/wp-content\/uploads\/2017\/01\/Th_Hack-0456_3-1086x650.jpg 1024w, https:\/\/www.global-sense.com\/wp-content\/uploads\/2017\/01\/Th_Hack-0456_3-652x390.jpg 640w, https:\/\/www.global-sense.com\/wp-content\/uploads\/2017\/01\/Th_Hack-0456_3-435x260.jpg 320w\" sizes=\"(min-width: 992px) 40vw, 110vw\" alt=\"\">\n\t\t\t\t\t<\/a>\n\t\t\t\t\n\t\t\t\t<div class=\"featured-case-inner text-left\">\n\t\t\t\t\t\n\t\t\t\t\t<h3>\n\t\t\t\t\t\t<a href=\"https:\/\/www.global-sense.com\/index.php\/case-studies\/produktkostensenkung\/\">20% Produktkostensenkung<\/a>\n\t\t\t\t\t<\/h3>\n\n\t\t\t\t\t\t\t\t\t\t\t<p>Unser Kunde, ein internationaler Automobil OEM, stellt in der Konzeptphase f\u00fcr ein neues Fahrzeug eine signifikante Abweichung...<\/p>\n\t\t\t\t\t\n\t\t\t\t\t\t\t\t\t\t\t<a href=\"https:\/\/www.global-sense.com\/index.php\/case-studies\/produktkostensenkung\/\" class=\"featured-case-link\">Projektbeispiel ansehen<\/a>\n\t\t\t\t\t\n\t\t\t\t<\/div><!-- .featured-case-inner -->\n\n\t\t\t<\/div><!-- .featured-case -->\n\n\t\t<\/div><\/div><div id=\"pgc-835-3-1\"  class=\"panel-grid-cell\" ><div id=\"panel-835-3-1-0\" class=\"so-panel widget widget_dc_feature_case devclick-featured-case-study panel-first-child panel-last-child\" data-index=\"4\" >\n\t\t\t<div class=\"featured-case featured-case-style-two\">\n\t\t\t\t\n\t\t\t\t\t\t\t\t\t<a href=\"https:\/\/www.global-sense.com\/index.php\/case-studies\/creating-online-sales-for-events-company\/\" class=\"featured-case-image\">\n\t\t\t\t\t\t<img src=\"https:\/\/www.global-sense.com\/wp-content\/uploads\/2017\/01\/creating-online-sales-for-event-company-435x260.jpg\" srcset=\"https:\/\/www.global-sense.com\/wp-content\/uploads\/2017\/01\/creating-online-sales-for-event-company-1086x650.jpg 1024w, https:\/\/www.global-sense.com\/wp-content\/uploads\/2017\/01\/creating-online-sales-for-event-company-652x390.jpg 640w, https:\/\/www.global-sense.com\/wp-content\/uploads\/2017\/01\/creating-online-sales-for-event-company-435x260.jpg 320w\" sizes=\"(min-width: 992px) 40vw, 110vw\" alt=\"Creating online sales for event company\">\n\t\t\t\t\t<\/a>\n\t\t\t\t\n\t\t\t\t<div class=\"featured-case-inner text-left\">\n\t\t\t\t\t\n\t\t\t\t\t<h3>\n\t\t\t\t\t\t<a href=\"https:\/\/www.global-sense.com\/index.php\/case-studies\/creating-online-sales-for-events-company\/\">Kostenreduzierung Dienstleistungen<\/a>\n\t\t\t\t\t<\/h3>\n\n\t\t\t\t\t\t\t\t\t\t\t<p>Gro\u00dfe Einsparpotentiale finden sich oftmals bei Frachten, Energie, Kurier-\/ Express-\/ Paketdienste, Telefonie &amp; Daten, Verpackung...<\/p>\n\t\t\t\t\t\n\t\t\t\t\t\t\t\t\t\t\t<a href=\"https:\/\/www.global-sense.com\/index.php\/case-studies\/creating-online-sales-for-events-company\/\" class=\"featured-case-link\">Projektbeispiel ansehen<\/a>\n\t\t\t\t\t\n\t\t\t\t<\/div><!-- .featured-case-inner -->\n\n\t\t\t<\/div><!-- .featured-case -->\n\n\t\t<\/div><\/div><\/div><\/div><\/div>","protected":false},"excerpt":{"rendered":"<p>Overengineered? Zuviel Schrott in der Produktion? Zeit f\u00fcr eine Entfeinerung Ihres Serienprodukts? Die n\u00e4chste Produktgeneration mu\u00df deutlich g\u00fcnstiger werden?<\/p>\n","protected":false},"author":1,"featured_media":1501,"parent":828,"menu_order":0,"comment_status":"closed","ping_status":"closed","template":"","meta":[],"_links":{"self":[{"href":"https:\/\/www.global-sense.com\/index.php\/wp-json\/wp\/v2\/pages\/835"}],"collection":[{"href":"https:\/\/www.global-sense.com\/index.php\/wp-json\/wp\/v2\/pages"}],"about":[{"href":"https:\/\/www.global-sense.com\/index.php\/wp-json\/wp\/v2\/types\/page"}],"author":[{"embeddable":true,"href":"https:\/\/www.global-sense.com\/index.php\/wp-json\/wp\/v2\/users\/1"}],"replies":[{"embeddable":true,"href":"https:\/\/www.global-sense.com\/index.php\/wp-json\/wp\/v2\/comments?post=835"}],"version-history":[{"count":25,"href":"https:\/\/www.global-sense.com\/index.php\/wp-json\/wp\/v2\/pages\/835\/revisions"}],"predecessor-version":[{"id":1503,"href":"https:\/\/www.global-sense.com\/index.php\/wp-json\/wp\/v2\/pages\/835\/revisions\/1503"}],"up":[{"embeddable":true,"href":"https:\/\/www.global-sense.com\/index.php\/wp-json\/wp\/v2\/pages\/828"}],"wp:featuredmedia":[{"embeddable":true,"href":"https:\/\/www.global-sense.com\/index.php\/wp-json\/wp\/v2\/media\/1501"}],"wp:attachment":[{"href":"https:\/\/www.global-sense.com\/index.php\/wp-json\/wp\/v2\/media?parent=835"}],"curies":[{"name":"wp","href":"https:\/\/api.w.org\/{rel}","templated":true}]}}