{"id":832,"date":"2017-01-14T12:52:50","date_gmt":"2017-01-14T12:52:50","guid":{"rendered":"http:\/\/eleanordemo.devclick.uk\/?page_id=44"},"modified":"2019-02-22T17:34:08","modified_gmt":"2019-02-22T17:34:08","slug":"reorganisation-des-einkaufs","status":"publish","type":"page","link":"https:\/\/www.global-sense.com\/index.php\/services\/reorganisation-des-einkaufs\/","title":{"rendered":"Reorganisation des Einkaufs"},"content":{"rendered":"<div id=\"pl-832\"  class=\"panel-layout\" ><div id=\"pg-832-0\"  class=\"panel-grid panel-has-style\" ><div data-overlay-color=\"#000000\" class=\"panel-row-style panel-row-style-for-832-0\" ><div id=\"pgc-832-0-0\"  class=\"panel-grid-cell\" ><div id=\"panel-832-0-0-0\" class=\"so-panel widget widget_black-studio-tinymce widget_black_studio_tinymce panel-first-child panel-last-child\" data-index=\"0\" ><div class=\"textwidget\"><p><a href=\"http:\/\/demo.devclick.uk\/eleanor\/wp-content\/uploadz\/2017\/01\/business-analysis.jpg\"><img class=\"alignnone size-full wp-image-200\" src=\"http:\/\/demo.devclick.uk\/eleanor\/wp-content\/uploadz\/2017\/01\/business-analysis.jpg\" alt=\"Business Analysis\" width=\"1170\" height=\"700\" \/><\/a><\/p>\n<\/div><\/div><\/div><\/div><\/div><div id=\"pg-832-1\"  class=\"panel-grid panel-has-style\" ><div data-overlay-color=\"#000000\" class=\"panel-row-style panel-row-style-for-832-1\" ><div id=\"pgc-832-1-0\"  class=\"panel-grid-cell\" ><div id=\"panel-832-1-0-0\" class=\"so-panel widget widget_black-studio-tinymce widget_black_studio_tinymce panel-first-child panel-last-child\" data-index=\"1\" ><div class=\"textwidget\"><h2>Ihr Einkauf ben\u00f6tigt frischen Wind?<br \/>\nSie haben mehrere Standorte, die noch weitestgehend selbst\u00e4ndig einkaufen?<\/h2>\n<div class=\"node\">\n<div class=\"content\">\n<p>Nutzen Sie Ihre m\u00f6gliche <strong>Einkaufsmacht<\/strong> durch <strong>B\u00fcndelung der Bedarfe \u00fcber alle Ihre Standorte<\/strong>.<\/p>\n<p>Bei dieser Umorganisation ist Fingerspitzengef\u00fchl gefragt, da einige \"F\u00fcrstent\u00fcmer\" Entscheidungsverantwortung abgeben m\u00fcssen.<\/p>\n<p>Dies erfordert<\/p>\n<ul>\n<li>klare Strukturen (z.B. auch Leiteinkauf, Projekteinkauf etc.),<\/li>\n<li>standort\u00fcbergreifende Prozesse,<\/li>\n<li>Spielregeln (z.B. operative versus disziplinarische F\u00fchrung)<\/li>\n<li>Arbeitshilfen<\/li>\n<li>mit neuen Aufgabenverteilungen.<\/li>\n<\/ul>\n<p>Zus\u00e4tzlich k\u00f6nnen Sie mit einer weltweiten Einkaufsstrategie je Materialgruppe und \u201eone voice to the supplier\u201c alle Hebel des Einkaufs wirksam im Markt umsetzen. Dies geschieht gemeinsam mit Entwicklung, Qualit\u00e4tswesen und Produktion. Erzeugen Sie Glaubw\u00fcrdigkeit in ihrem Handeln gegen\u00fcber Ihren Lieferanten, welche sich in bares Geld f\u00fcr Sie bezahlt macht.<\/p>\n<p>Aufgrund der vielseitigen <strong>Reorganisationerfahrung<\/strong> sind wir hierf\u00fcr der ideale Partner f\u00fcr Sie.<\/div>\n<\/div>\n<\/div><\/div><\/div><\/div><\/div><div id=\"pg-832-2\"  class=\"panel-grid panel-has-style\" ><div data-overlay-color=\"#000000\" class=\"panel-row-style panel-row-style-for-832-2\" ><div id=\"pgc-832-2-0\"  class=\"panel-grid-cell\" ><div id=\"panel-832-2-0-0\" class=\"so-panel widget widget_dc_content_box devclick-content-box panel-first-child panel-last-child\" data-index=\"2\" >\n\t\t\t\n\t\t\t\t<div class=\"content-box\">\n\n\t\t\t\n\t\t\t\t<h2>Typische Projekte<\/h2>\n\n\t\t\t\t<p><\/p>\n\n\t\t\t\t\n\t\t\t<\/div><!-- .content-box -->\n\n\t\t<\/div><\/div><\/div><\/div><div id=\"pg-832-3\"  class=\"panel-grid panel-has-style\" ><div data-overlay-color=\"#000000\" class=\"panel-row-style panel-row-style-for-832-3\" ><div id=\"pgc-832-3-0\"  class=\"panel-grid-cell panel-grid-cell-mobile-last\" ><div id=\"panel-832-3-0-0\" class=\"so-panel widget widget_dc_feature_case devclick-featured-case-study panel-first-child panel-last-child\" data-index=\"3\" >\n\t\t\t<div class=\"featured-case featured-case-style-one\">\n\t\t\t\t\n\t\t\t\t\t\t\t\t\t<a href=\"https:\/\/www.global-sense.com\/index.php\/case-studies\/einfuehrung_leiteinkauf\/\" class=\"featured-case-image\">\n\t\t\t\t\t\t<img src=\"https:\/\/www.global-sense.com\/wp-content\/uploads\/2017\/01\/retail-giant-prospers-in-2016-435x260.jpg\" srcset=\"https:\/\/www.global-sense.com\/wp-content\/uploads\/2017\/01\/retail-giant-prospers-in-2016-1086x650.jpg 1024w, https:\/\/www.global-sense.com\/wp-content\/uploads\/2017\/01\/retail-giant-prospers-in-2016-652x390.jpg 640w, https:\/\/www.global-sense.com\/wp-content\/uploads\/2017\/01\/retail-giant-prospers-in-2016-435x260.jpg 320w\" sizes=\"(min-width: 992px) 40vw, 110vw\" alt=\"Retail giant prospers in 2016\">\n\t\t\t\t\t<\/a>\n\t\t\t\t\n\t\t\t\t<div class=\"featured-case-inner text-left\">\n\t\t\t\t\t\n\t\t\t\t\t<h3>\n\t\t\t\t\t\t<a href=\"https:\/\/www.global-sense.com\/index.php\/case-studies\/einfuehrung_leiteinkauf\/\">Aufbau Leiteinkauf f\u00fcr einen Mittelst\u00e4ndler<\/a>\n\t\t\t\t\t<\/h3>\n\n\t\t\t\t\t\t\t\t\t\t\t<p>Durch die Globalisierung haben viele mittelst\u00e4ndische Unternehmen mehrere Standorte in verschiedenen L\u00e4ndern. <\/p>\n\t\t\t\t\t\n\t\t\t\t\t\t\t\t\t\t\t<a href=\"https:\/\/www.global-sense.com\/index.php\/case-studies\/einfuehrung_leiteinkauf\/\" class=\"featured-case-link\">Projektbeispiel ansehen<\/a>\n\t\t\t\t\t\n\t\t\t\t<\/div><!-- .featured-case-inner -->\n\n\t\t\t<\/div><!-- .featured-case -->\n\n\t\t<\/div><\/div><div id=\"pgc-832-3-1\"  class=\"panel-grid-cell panel-grid-cell-empty\" ><\/div><\/div><\/div><\/div>","protected":false},"excerpt":{"rendered":"<p>Sie haben mehrere Standorte, die noch weitestgehend selbst\u00e4ndig einkaufen? Moderne Einkaufsstrukturen fehlen?<\/p>\n","protected":false},"author":1,"featured_media":728,"parent":828,"menu_order":0,"comment_status":"closed","ping_status":"closed","template":"","meta":[],"_links":{"self":[{"href":"https:\/\/www.global-sense.com\/index.php\/wp-json\/wp\/v2\/pages\/832"}],"collection":[{"href":"https:\/\/www.global-sense.com\/index.php\/wp-json\/wp\/v2\/pages"}],"about":[{"href":"https:\/\/www.global-sense.com\/index.php\/wp-json\/wp\/v2\/types\/page"}],"author":[{"embeddable":true,"href":"https:\/\/www.global-sense.com\/index.php\/wp-json\/wp\/v2\/users\/1"}],"replies":[{"embeddable":true,"href":"https:\/\/www.global-sense.com\/index.php\/wp-json\/wp\/v2\/comments?post=832"}],"version-history":[{"count":13,"href":"https:\/\/www.global-sense.com\/index.php\/wp-json\/wp\/v2\/pages\/832\/revisions"}],"predecessor-version":[{"id":1418,"href":"https:\/\/www.global-sense.com\/index.php\/wp-json\/wp\/v2\/pages\/832\/revisions\/1418"}],"up":[{"embeddable":true,"href":"https:\/\/www.global-sense.com\/index.php\/wp-json\/wp\/v2\/pages\/828"}],"wp:featuredmedia":[{"embeddable":true,"href":"https:\/\/www.global-sense.com\/index.php\/wp-json\/wp\/v2\/media\/728"}],"wp:attachment":[{"href":"https:\/\/www.global-sense.com\/index.php\/wp-json\/wp\/v2\/media?parent=832"}],"curies":[{"name":"wp","href":"https:\/\/api.w.org\/{rel}","templated":true}]}}