{"id":828,"date":"2017-01-14T12:40:18","date_gmt":"2017-01-14T12:40:18","guid":{"rendered":"http:\/\/eleanordemo.devclick.uk\/?page_id=23"},"modified":"2019-03-06T16:25:15","modified_gmt":"2019-03-06T16:25:15","slug":"services","status":"publish","type":"page","link":"https:\/\/www.global-sense.com\/index.php\/services\/","title":{"rendered":"Leistungen"},"content":{"rendered":"<div id=\"pl-828\"  class=\"panel-layout\" ><div id=\"pg-828-0\"  class=\"panel-grid panel-has-style\" ><div data-overlay-color=\"#000000\" class=\"panel-row-style panel-row-style-for-828-0\" ><div id=\"pgc-828-0-0\"  class=\"panel-grid-cell\" ><div id=\"panel-828-0-0-0\" class=\"so-panel widget widget_dc_featured_page devclick-featured-page panel-first-child\" data-index=\"0\" >\n\t\t\t<article class=\"featured-page featured-page-style-two\">\n\n\t\t\t\t\t\t\t\t\t<a href=\"https:\/\/www.global-sense.com\/index.php\/services\/unternehmensergebnis-verbessern\/\" class=\"featured-page-image\">\n\t\t\t\t\t\t<img src=\"https:\/\/www.global-sense.com\/wp-content\/uploads\/2017\/01\/financial-advice-435x260.jpg\" srcset=\"https:\/\/www.global-sense.com\/wp-content\/uploads\/2017\/01\/financial-advice-1086x650.jpg 1024w, https:\/\/www.global-sense.com\/wp-content\/uploads\/2017\/01\/financial-advice-652x390.jpg 640w, https:\/\/www.global-sense.com\/wp-content\/uploads\/2017\/01\/financial-advice-435x260.jpg 320w\" sizes=\"(min-width: 992px) 40vw, 110vw\" alt=\"Financial Advice\">\n\t\t\t\t\t<\/a>\n\t\t\t\t\n\t\t\t\t<div class=\"featured-page-inner text-left\">\n\n\t\t\t\t\t<h3>\n\t\t\t\t\t\t<a href=\"https:\/\/www.global-sense.com\/index.php\/services\/unternehmensergebnis-verbessern\/\">Unternehmensergebnis verbessern<\/a>\n\t\t\t\t\t<\/h3>\n\n\t\t\t\t\t\t\t\t\t\t\t<p>Sie ben\u00f6tigen Unterst\u00fctzung in der operativen Verbesserung der Kostensituation oder eine Interims-Gesch\u00e4ftsf\u00fchrung<\/p>\n\t\t\t\t\t\n\t\t\t\t\t\t\t\t\t\t\t<a href=\"https:\/\/www.global-sense.com\/index.php\/services\/unternehmensergebnis-verbessern\/\" class=\"featured-page-link\">Mehr erfahren<\/a>\n\t\t\t\t\t\n\t\t\t\t<\/div><!-- .featured-page-inner -->\n\n\t\t\t<\/article><!-- .featured-page -->\n\n\t\t<\/div><div id=\"panel-828-0-0-1\" class=\"so-panel widget widget_dc_featured_page devclick-featured-page panel-last-child\" data-index=\"1\" >\n\t\t\t<article class=\"featured-page featured-page-style-two\">\n\n\t\t\t\t\t\t\t\t\t<a href=\"https:\/\/www.global-sense.com\/index.php\/services\/reorganisation-des-einkaufs\/\" class=\"featured-page-image\">\n\t\t\t\t\t\t<img src=\"https:\/\/www.global-sense.com\/wp-content\/uploads\/2017\/01\/business-analysis-435x260.jpg\" srcset=\"https:\/\/www.global-sense.com\/wp-content\/uploads\/2017\/01\/business-analysis-1086x650.jpg 1024w, https:\/\/www.global-sense.com\/wp-content\/uploads\/2017\/01\/business-analysis-652x390.jpg 640w, https:\/\/www.global-sense.com\/wp-content\/uploads\/2017\/01\/business-analysis-435x260.jpg 320w\" sizes=\"(min-width: 992px) 40vw, 110vw\" alt=\"Business Analysis\">\n\t\t\t\t\t<\/a>\n\t\t\t\t\n\t\t\t\t<div class=\"featured-page-inner text-left\">\n\n\t\t\t\t\t<h3>\n\t\t\t\t\t\t<a href=\"https:\/\/www.global-sense.com\/index.php\/services\/reorganisation-des-einkaufs\/\">Reorganisation des Einkaufs<\/a>\n\t\t\t\t\t<\/h3>\n\n\t\t\t\t\t\t\t\t\t\t\t<p>Sie haben mehrere Standorte, die noch weitestgehend selbst\u00e4ndig einkaufen? Moderne Einkaufsstrukturen fehlen?<\/p>\n\t\t\t\t\t\n\t\t\t\t\t\t\t\t\t\t\t<a href=\"https:\/\/www.global-sense.com\/index.php\/services\/reorganisation-des-einkaufs\/\" class=\"featured-page-link\">Mehr erfahren<\/a>\n\t\t\t\t\t\n\t\t\t\t<\/div><!-- .featured-page-inner -->\n\n\t\t\t<\/article><!-- .featured-page -->\n\n\t\t<\/div><\/div><div id=\"pgc-828-0-1\"  class=\"panel-grid-cell\" ><div id=\"panel-828-0-1-0\" class=\"so-panel widget widget_dc_featured_page devclick-featured-page panel-first-child\" data-index=\"2\" >\n\t\t\t<article class=\"featured-page featured-page-style-two\">\n\n\t\t\t\t\t\t\t\t\t<a href=\"https:\/\/www.global-sense.com\/index.php\/services\/besser-einkaufen\/\" class=\"featured-page-image\">\n\t\t\t\t\t\t<img src=\"https:\/\/www.global-sense.com\/wp-content\/uploads\/2019\/02\/project-management-435x260.jpg\" srcset=\"https:\/\/www.global-sense.com\/wp-content\/uploads\/2019\/02\/project-management-1086x650.jpg 1024w, https:\/\/www.global-sense.com\/wp-content\/uploads\/2019\/02\/project-management-652x390.jpg 640w, https:\/\/www.global-sense.com\/wp-content\/uploads\/2019\/02\/project-management-435x260.jpg 320w\" sizes=\"(min-width: 992px) 40vw, 110vw\" alt=\"\">\n\t\t\t\t\t<\/a>\n\t\t\t\t\n\t\t\t\t<div class=\"featured-page-inner text-left\">\n\n\t\t\t\t\t<h3>\n\t\t\t\t\t\t<a href=\"https:\/\/www.global-sense.com\/index.php\/services\/besser-einkaufen\/\">Besser einkaufen<\/a>\n\t\t\t\t\t<\/h3>\n\n\t\t\t\t\t\t\t\t\t\t\t<p>Einkaufspotentialanalyse? Hands-on-Unterst\u00fctzung?! Mit modernen Methoden ...<\/p>\n\t\t\t\t\t\n\t\t\t\t\t\t\t\t\t\t\t<a href=\"https:\/\/www.global-sense.com\/index.php\/services\/besser-einkaufen\/\" class=\"featured-page-link\">Mehr erfahren<\/a>\n\t\t\t\t\t\n\t\t\t\t<\/div><!-- .featured-page-inner -->\n\n\t\t\t<\/article><!-- .featured-page -->\n\n\t\t<\/div><div id=\"panel-828-0-1-1\" class=\"so-panel widget widget_dc_featured_page devclick-featured-page panel-last-child\" data-index=\"3\" >\n\t\t\t<article class=\"featured-page featured-page-style-two\">\n\n\t\t\t\t\t\t\t\t\t<a href=\"https:\/\/www.global-sense.com\/index.php\/services\/senkung-produktkosten\/\" class=\"featured-page-image\">\n\t\t\t\t\t\t<img src=\"https:\/\/www.global-sense.com\/wp-content\/uploads\/2019\/03\/Leiterplatte1170x700-435x260.jpg\" srcset=\"https:\/\/www.global-sense.com\/wp-content\/uploads\/2019\/03\/Leiterplatte1170x700-1086x650.jpg 1024w, https:\/\/www.global-sense.com\/wp-content\/uploads\/2019\/03\/Leiterplatte1170x700-652x390.jpg 640w, https:\/\/www.global-sense.com\/wp-content\/uploads\/2019\/03\/Leiterplatte1170x700-435x260.jpg 320w\" sizes=\"(min-width: 992px) 40vw, 110vw\" alt=\"\">\n\t\t\t\t\t<\/a>\n\t\t\t\t\n\t\t\t\t<div class=\"featured-page-inner text-left\">\n\n\t\t\t\t\t<h3>\n\t\t\t\t\t\t<a href=\"https:\/\/www.global-sense.com\/index.php\/services\/senkung-produktkosten\/\">Senkung der Produktkosten<\/a>\n\t\t\t\t\t<\/h3>\n\n\t\t\t\t\t\t\t\t\t\t\t<p>Overengineered? Zuviel Schrott in der Produktion? Zeit f\u00fcr eine Entfeinerung Ihres Serienprodukts? Die n\u00e4chste Produktgeneration...<\/p>\n\t\t\t\t\t\n\t\t\t\t\t\t\t\t\t\t\t<a href=\"https:\/\/www.global-sense.com\/index.php\/services\/senkung-produktkosten\/\" class=\"featured-page-link\">Mehr erfahren<\/a>\n\t\t\t\t\t\n\t\t\t\t<\/div><!-- .featured-page-inner -->\n\n\t\t\t<\/article><!-- .featured-page -->\n\n\t\t<\/div><\/div><\/div><\/div><\/div>","protected":false},"excerpt":{"rendered":"<p>Unternehmensergebnis verbessern Sie ben\u00f6tigen Unterst\u00fctzung in der operativen Verbesserung der Kostensituation oder eine Interims-Gesch\u00e4ftsf\u00fchrung Mehr erfahren Reorganisation des Einkaufs Sie haben mehrere Standorte, die noch weitestgehend selbst\u00e4ndig einkaufen? Moderne Einkaufsstrukturen fehlen? Mehr erfahren Besser einkaufen Einkaufspotentialanalyse? Hands-on-Unterst\u00fctzung?! Mit modernen Methoden &#8230; Mehr erfahren Senkung der Produktkosten Overengineered? Zuviel Schrott in der Produktion? Zeit f\u00fcr eine [&hellip;]<\/p>\n","protected":false},"author":1,"featured_media":0,"parent":0,"menu_order":0,"comment_status":"closed","ping_status":"closed","template":"template-full-width.php","meta":[],"_links":{"self":[{"href":"https:\/\/www.global-sense.com\/index.php\/wp-json\/wp\/v2\/pages\/828"}],"collection":[{"href":"https:\/\/www.global-sense.com\/index.php\/wp-json\/wp\/v2\/pages"}],"about":[{"href":"https:\/\/www.global-sense.com\/index.php\/wp-json\/wp\/v2\/types\/page"}],"author":[{"embeddable":true,"href":"https:\/\/www.global-sense.com\/index.php\/wp-json\/wp\/v2\/users\/1"}],"replies":[{"embeddable":true,"href":"https:\/\/www.global-sense.com\/index.php\/wp-json\/wp\/v2\/comments?post=828"}],"version-history":[{"count":10,"href":"https:\/\/www.global-sense.com\/index.php\/wp-json\/wp\/v2\/pages\/828\/revisions"}],"predecessor-version":[{"id":1499,"href":"https:\/\/www.global-sense.com\/index.php\/wp-json\/wp\/v2\/pages\/828\/revisions\/1499"}],"wp:attachment":[{"href":"https:\/\/www.global-sense.com\/index.php\/wp-json\/wp\/v2\/media?parent=828"}],"curies":[{"name":"wp","href":"https:\/\/api.w.org\/{rel}","templated":true}]}}