{"id":827,"date":"2017-01-14T12:40:07","date_gmt":"2017-01-14T12:40:07","guid":{"rendered":"http:\/\/eleanordemo.devclick.uk\/?page_id=21"},"modified":"2019-02-22T18:01:12","modified_gmt":"2019-02-22T18:01:12","slug":"ueber_uns","status":"publish","type":"page","link":"https:\/\/www.global-sense.com\/index.php\/ueber_uns\/","title":{"rendered":"\u00dcber uns"},"content":{"rendered":"<div id=\"pl-827\"  class=\"panel-layout\" ><div id=\"pg-827-0\"  class=\"panel-grid panel-has-style\" ><div class=\"siteorigin-panels-stretch panel-row-style panel-row-style-for-827-0\" data-stretch-type=\"full\" data-overlay-color=\"#000000\" ><div id=\"pgc-827-0-0\"  class=\"panel-grid-cell\" ><div id=\"panel-827-0-0-0\" class=\"so-panel widget widget_dc_section_title devclick-section-title panel-first-child panel-last-child\" data-index=\"0\" >\n\t\t\t<div class=\"section-title clear\">\n\n\t\t\t\t<div class=\"section-title-content text-centre\">\n\n\t\t\t\t\t\n\t\t\t\t\t\t<h2>Die nachhaltige Umsetzung von Einsparungen und Ver\u00e4nderungen ist unsere St\u00e4rke!<\/h2>\n\n\t\t\t\t\t\n\t\t\t\t\t\n\t\t\t\t\t\t<span>- vorwiegend im produzierenden Mittelstand<\/span>\n\n\t\t\t\t\t\n\t\t\t\t<\/div><!-- .section-title-content -->\n\n\t\t\t<\/div><!-- .section-title -->\n\n\t\t<\/div><\/div><\/div><\/div><div id=\"pg-827-1\"  class=\"panel-grid panel-has-style\" ><div class=\"siteorigin-panels-stretch panel-row-style panel-row-style-for-827-1\" data-stretch-type=\"full\" data-overlay-color=\"#000000\" ><div id=\"pgc-827-1-0\"  class=\"panel-grid-cell\" ><div id=\"panel-827-1-0-0\" class=\"so-panel widget widget_black-studio-tinymce widget_black_studio_tinymce panel-first-child panel-last-child\" data-index=\"1\" ><h3 class=\"widget-title\">GlobalSense &#8230;<\/h3><div class=\"textwidget\"><p>... wurde 2008 von Dr. Thomas Hack gegr\u00fcndet. Schwerpunkt ist die umsetzungsorientierte\u00a0Beratung zur <strong>Kostenreduzierung in produzierenden Unternehmen<\/strong>.<\/p>\n<p>Unsere Kunden finden sich \u00fcberwiegend im Mittelstand.<br \/>\nF\u00fcr unsere Kunden sind wir weltweit t\u00e4tig.<\/p>\n<p>&nbsp;<\/p>\n<h4>\u00c4rmel hochkrempeln<\/h4>\n<p>Mit uns erleben Sie weder schicke Designeranz\u00fcge noch Hochglanzbrosch\u00fcren. Wir arbeiten <strong>im Team mit den Mitarbeitern<\/strong> unserer Kunden - \u00c4rmel hochgekrempelt und auf Augenh\u00f6he.<\/p>\n<p>Durch unser freundliches, aber verbindliches Auftreten werden weder Lieferanten noch Partner verschreckt, denn wir <strong>passen uns den Werten des Kundens an<\/strong>.<\/p>\n<p>Sie werden auch keine Tageschieberei erleben. Gerne lassen wir uns <strong>erfolgsorientiert<\/strong> an unserer Arbeit messen.<\/p>\n<p>Wir denken <strong>unternehmerisch im Sinne unseres Kunden<\/strong> \u00a0 \u2013 Ihr nachhaltiger Gewinn \u2026<\/p>\n<p>Und wir realisieren nicht billige, sondern <strong>preiswerte und nachhaltige L\u00f6sungen<\/strong> mit Verstand.<\/p>\n<p>Das oberste Ziel ist die <strong>Begeisterung unserer Kunden<\/strong>!<\/p>\n<p>&nbsp;<\/p>\n<h4>\"Profit from Performance Excellence\"<\/h4>\n<p>Der Slogan repr\u00e4sentiert unsere Leistungsversprechen: Mit robusten Abl\u00e4ufen, systematischem Vorgehen und Erfahrung machen wir Sie profitabler!<\/p>\n<p>&nbsp;<\/p>\n<h4>Unser Team<\/h4>\n<p>Neben Dr. Hack steht f\u00fcr Sie mit der GlobalSense GmbH ein\u00a0<b style=\"font-size: 16px;\">starkes Expertenteam<\/b><span style=\"font-size: 16px;\">\u00a0zur Seite:<\/span><\/p>\n<div class=\"node\">\n<div class=\"content\">\n<p>Dieses Team besteht aus 5-6 sorgf\u00e4ltig ausgew\u00e4hlten Mitarbeitern, die projektbezogen eingesetzt werden. Jeder ist ein Fachmann auf seinem Gebiet.<\/p>\n<p>So k\u00f6nnen Projekte z.B. mit<\/p>\n<ul>\n<li>Interims-Gesch\u00e4ftsf\u00fchrern,<\/li>\n<li>methodisch versierten strategischen Eink\u00e4ufern,<\/li>\n<li>Projekteink\u00e4ufern,<\/li>\n<li>erfahrenen Ingenieuren (Design-to-Cost) bis hin zu<\/li>\n<li>krisenerprobten Einkaufsleitern<\/li>\n<\/ul>\n<p>verst\u00e4rkt werden.<\/p>\n<p>Oberstes Ziel ist die\u00a0<b>Begeisterung von Kunden<\/b>. Deswegen legen wir viel Wert auf die st\u00e4ndige Qualifizierung und das Coaching dieser Mitarbeiter. Dar\u00fcber hinaus wird dieses Team st\u00e4ndig erweitert.<\/p>\n<p><span style=\"color: #ffa600;\"><b>Lassen Sie sich von der Leistung \u00fcberzeugen!<\/b><\/span><\/div>\n<\/div>\n<\/div><\/div><\/div><div id=\"pgc-827-1-1\"  class=\"panel-grid-cell\" ><div id=\"panel-827-1-1-0\" class=\"so-panel widget widget_black-studio-tinymce widget_black_studio_tinymce panel-first-child panel-last-child\" data-index=\"2\" ><div class=\"textwidget\"><div class=\"mceTemp\"><\/div>\n<p><img class=\"alignnone size-medium wp-image-1150\" src=\"https:\/\/www.global-sense.com\/wp-content\/uploads\/2019\/02\/Dr-Thomas-Hack_web-248x300.jpg\" alt=\"\" width=\"248\" height=\"300\" \/><\/p>\n<p>&nbsp;<\/p>\n<p>&nbsp;<\/p>\n<p>&nbsp;<\/p>\n<p>&nbsp;<\/p>\n<p>&nbsp;<\/p>\n<p>&nbsp;<\/p>\n<p>&nbsp;<\/p>\n<p>&nbsp;<\/p>\n<p>&nbsp;<\/p>\n<p>&nbsp;<\/p>\n<p>&nbsp;<\/p>\n<p>&nbsp;<\/p>\n<p>&nbsp;<\/p>\n<p>&nbsp;<\/p>\n<p>&nbsp;<\/p>\n<p>&nbsp;<\/p>\n<p><img class=\"size-medium wp-image-887\" src=\"https:\/\/www.global-sense.com\/wp-content\/uploads\/2019\/02\/iStock_000005390930Small-e1549371035365-300x212.jpg\" alt=\"\" width=\"300\" height=\"212\" \/><\/p>\n<p>&nbsp;<\/p>\n<\/div><\/div><\/div><\/div><\/div><div id=\"pg-827-2\"  class=\"panel-grid panel-has-style\" ><div class=\"siteorigin-panels-stretch panel-row-style panel-row-style-for-827-2\" data-stretch-type=\"full\" data-overlay-color=\"#000000\" ><div id=\"pgc-827-2-0\"  class=\"panel-grid-cell\" ><div id=\"panel-827-2-0-0\" class=\"so-panel widget widget_dc_section_title devclick-section-title panel-first-child panel-last-child\" data-index=\"3\" >\n\t\t\t<div class=\"section-title clear\">\n\n\t\t\t\t<div class=\"section-title-content text-left\">\n\n\t\t\t\t\t\n\t\t\t\t\t\t<h2>Warum GlobalSense<\/h2>\n\n\t\t\t\t\t\n\t\t\t\t\t\n\t\t\t\t\t\t<span>Wir liefern Ihnen nachhaltige Resultate und lassen uns daran messen! <\/span>\n\n\t\t\t\t\t\n\t\t\t\t<\/div><!-- .section-title-content -->\n\n\t\t\t<\/div><!-- .section-title -->\n\n\t\t<\/div><\/div><\/div><\/div><div id=\"pg-827-3\"  class=\"panel-grid panel-has-style\" ><div class=\"siteorigin-panels-stretch panel-row-style panel-row-style-for-827-3\" data-stretch-type=\"full\" data-overlay-color=\"#000000\" ><div id=\"pgc-827-3-0\"  class=\"panel-grid-cell\" ><div id=\"panel-827-3-0-0\" class=\"so-panel widget widget_dc_icon_box devclick-icon-box panel-first-child\" data-index=\"4\" >\n\t\t\t<div class=\"icon-box icon-box-style-one\">\n\n\t\t\t\t\n\t\t\t\t<div class=\"icon-box-icon\">\n\t\t\t\t\t<i class=\"fa fa-calendar-check-o\"><\/i>\n\t\t\t\t<\/div><!-- .icon-box-icon -->\n\n\t\t\t\t<div class=\"icon-box-content\">\n\t\t\t\t\t<h4>Die Umsetzung im Mittelpunkt<\/h4>\n\n\t\t\t\t\t<p>Harte Einsparungen sind das Ergebnis unserer Arbeiten. Auf Wunsch erfolgt unsere Verg\u00fctung erfolgsabh\u00e4ngig.<\/p>\n\t\t\t\t<\/div><!-- .icon-box-content -->\n\n\t\t\t\t\n\t\t\t<\/div><!-- .icon-box -->\n\n\t\t<\/div><div id=\"panel-827-3-0-1\" class=\"so-panel widget widget_dc_icon_box devclick-icon-box panel-last-child\" data-index=\"5\" >\n\t\t\t<div class=\"icon-box icon-box-style-one\">\n\n\t\t\t\t\n\t\t\t\t<div class=\"icon-box-icon\">\n\t\t\t\t\t<i class=\"fa fa-life-ring\"><\/i>\n\t\t\t\t<\/div><!-- .icon-box-icon -->\n\n\t\t\t\t<div class=\"icon-box-content\">\n\t\t\t\t\t<h4>Wir sorgen f\u00fcr nachhaltige Reultate<\/h4>\n\n\t\t\t\t\t<p>Ver\u00e4nderungen werden in die Organiation institutionalisiert. Kennzahlen machen die Verfolgung transparent f\u00fcr alle.<\/p>\n\t\t\t\t<\/div><!-- .icon-box-content -->\n\n\t\t\t\t\n\t\t\t<\/div><!-- .icon-box -->\n\n\t\t<\/div><\/div><div id=\"pgc-827-3-1\"  class=\"panel-grid-cell\" ><div id=\"panel-827-3-1-0\" class=\"so-panel widget widget_dc_icon_box devclick-icon-box panel-first-child\" data-index=\"6\" >\n\t\t\t<div class=\"icon-box icon-box-style-one\">\n\n\t\t\t\t\n\t\t\t\t<div class=\"icon-box-icon\">\n\t\t\t\t\t<i class=\"fa fa-trophy\"><\/i>\n\t\t\t\t<\/div><!-- .icon-box-icon -->\n\n\t\t\t\t<div class=\"icon-box-content\">\n\t\t\t\t\t<h4>Unsere L\u00f6sungen sind praxiserprobt!<\/h4>\n\n\t\t\t\t\t<p>Wir bringen langj\u00e4hrige Industrieerfahrung in Leitungsfunktionen mit. So f\u00fchren wir Ver\u00e4nderungen \u00fcberzeugend herbei.<\/p>\n\t\t\t\t<\/div><!-- .icon-box-content -->\n\n\t\t\t\t\n\t\t\t<\/div><!-- .icon-box -->\n\n\t\t<\/div><div id=\"panel-827-3-1-1\" class=\"so-panel widget widget_dc_icon_box devclick-icon-box panel-last-child\" data-index=\"7\" >\n\t\t\t<div class=\"icon-box icon-box-style-one\">\n\n\t\t\t\t\n\t\t\t\t<div class=\"icon-box-icon\">\n\t\t\t\t\t<i class=\"fa fa-users\"><\/i>\n\t\t\t\t<\/div><!-- .icon-box-icon -->\n\n\t\t\t\t<div class=\"icon-box-content\">\n\t\t\t\t\t<h4>Cross-funktionales Denken und Handeln<\/h4>\n\n\t\t\t\t\t<p>Wir beziehen alle betroffenen Mitarbeiter ein - insbesondere auch die Schwierigen - mit dem notwendigen Feingesp\u00fcr.<\/p>\n\t\t\t\t<\/div><!-- .icon-box-content -->\n\n\t\t\t\t\n\t\t\t<\/div><!-- .icon-box -->\n\n\t\t<\/div><\/div><div id=\"pgc-827-3-2\"  class=\"panel-grid-cell\" ><div id=\"panel-827-3-2-0\" class=\"so-panel widget widget_dc_icon_box devclick-icon-box panel-first-child\" data-index=\"8\" >\n\t\t\t<div class=\"icon-box icon-box-style-one\">\n\n\t\t\t\t\n\t\t\t\t<div class=\"icon-box-icon\">\n\t\t\t\t\t<i class=\"fa fa-building\"><\/i>\n\t\t\t\t<\/div><!-- .icon-box-icon -->\n\n\t\t\t\t<div class=\"icon-box-content\">\n\t\t\t\t\t<h4>Sehr strukturiertes Vorgehen<\/h4>\n\n\t\t\t\t\t<p>Wir gehen Projekte systematisch an und bringen neue Methoden und Tools in Ihr Unternehmen.<\/p>\n\t\t\t\t<\/div><!-- .icon-box-content -->\n\n\t\t\t\t\n\t\t\t<\/div><!-- .icon-box -->\n\n\t\t<\/div><div id=\"panel-827-3-2-1\" class=\"so-panel widget widget_dc_icon_box devclick-icon-box panel-last-child\" data-index=\"9\" >\n\t\t\t<div class=\"icon-box icon-box-style-one\">\n\n\t\t\t\t\n\t\t\t\t<div class=\"icon-box-icon\">\n\t\t\t\t\t<i class=\"fa fa-globe\"><\/i>\n\t\t\t\t<\/div><!-- .icon-box-icon -->\n\n\t\t\t\t<div class=\"icon-box-content\">\n\t\t\t\t\t<h4>International<\/h4>\n\n\t\t\t\t\t<p>Weltweit sind wir f\u00fcr Sie mit interkulturellem Feingef\u00fchl und Erfahrung an Ihren Standorten - woimmer Sie uns einsetzen.<\/p>\n\t\t\t\t<\/div><!-- .icon-box-content -->\n\n\t\t\t\t\n\t\t\t<\/div><!-- .icon-box -->\n\n\t\t<\/div><\/div><\/div><\/div><div id=\"pg-827-4\"  class=\"panel-grid panel-has-style\" ><div class=\"siteorigin-panels-stretch panel-row-style panel-row-style-for-827-4\" data-stretch-type=\"full\" data-overlay-color=\"#000000\" ><div id=\"pgc-827-4-0\"  class=\"panel-grid-cell\" ><div id=\"panel-827-4-0-0\" class=\"so-panel widget widget_dc_section_title devclick-section-title panel-first-child panel-last-child\" data-index=\"10\" >\n\t\t\t<div class=\"section-title clear\">\n\n\t\t\t\t<div class=\"section-title-content text-left\">\n\n\t\t\t\t\t\n\t\t\t\t\t\t<h2>Mehr \u00fcber den Gr\u00fcnder und Partner der GlobalSense GmbH<\/h2>\n\n\t\t\t\t\t\n\t\t\t\t\t\n\t\t\t\t\t\t<span>Dr. Thomas Hack<\/span>\n\n\t\t\t\t\t\n\t\t\t\t<\/div><!-- .section-title-content -->\n\n\t\t\t<\/div><!-- .section-title -->\n\n\t\t<\/div><\/div><\/div><\/div><div id=\"pg-827-5\"  class=\"panel-grid panel-has-style\" ><div class=\"siteorigin-panels-stretch panel-row-style panel-row-style-for-827-5\" data-stretch-type=\"full\" data-overlay-color=\"#000000\" ><div id=\"pgc-827-5-0\"  class=\"panel-grid-cell\" ><div id=\"panel-827-5-0-0\" class=\"so-panel widget widget_dc_team_member devclick-team-member panel-first-child panel-last-child\" data-index=\"11\" >\n\t\t\t<div class=\"team-member text-left team-member-style-one\">\n\n\t\t\t\t\n\t\t\t\t<div class=\"team-member-inner\">\n\n\t\t\t\t\t\n\t\t\t\t\t\t<h3>\n\t\t\t\t\t\t\t<a href=\"https:\/\/www.global-sense.com\/index.php\/team\/thomas_hack\/\">\n\t\t\t\t\t\t\t\tDr. Thomas Hack\t\t\t\t\t\t\t<\/a>\n\t\t\t\t\t\t<\/h3>\n\n\t\t\t\t\t\n\t\t\t\t\t\n\t\t\t\t\t\t<span>Gr\u00fcnder\/ Partner<\/span>\n\n\t\t\t\t\t\n\t\t\t\t\t\t\t\t\t\t\t<p>\r\n\r\n1966 geboren in Aachen, Studium des Maschinenbaus an der RWTH Aachen - Schwerpunkt Fertigungstechnik, und folgende anschlie\u00dfende...<\/p>\n\t\t\t\t\t\n\t\t\t\t<\/div><!-- .team-member-inner -->\n\n\t\t\t<\/div><!-- .team-member -->\n\n\t\t<\/div><\/div><div id=\"pgc-827-5-1\"  class=\"panel-grid-cell panel-grid-cell-empty panel-grid-cell-mobile-last\" ><\/div><div id=\"pgc-827-5-2\"  class=\"panel-grid-cell panel-grid-cell-empty\" ><\/div><\/div><\/div><\/div>","protected":false},"excerpt":{"rendered":"<p>&#8230; wurde 2008 von Dr. Thomas Hack gegr\u00fcndet. Schwerpunkt ist die umsetzungsorientierte\u00a0Beratung zur Kostenreduzierung in produzierenden Unternehmen. Unsere Kunden finden sich \u00fcberwiegend im Mittelstand. F\u00fcr unsere Kunden sind wir weltweit t\u00e4tig. &nbsp; \u00c4rmel hochkrempeln Mit uns erleben Sie weder schicke Designeranz\u00fcge noch Hochglanzbrosch\u00fcren. Wir arbeiten im Team mit den Mitarbeitern unserer Kunden &#8211; \u00c4rmel hochgekrempelt [&hellip;]<\/p>\n","protected":false},"author":1,"featured_media":0,"parent":0,"menu_order":0,"comment_status":"closed","ping_status":"closed","template":"template-full-width.php","meta":[],"_links":{"self":[{"href":"https:\/\/www.global-sense.com\/index.php\/wp-json\/wp\/v2\/pages\/827"}],"collection":[{"href":"https:\/\/www.global-sense.com\/index.php\/wp-json\/wp\/v2\/pages"}],"about":[{"href":"https:\/\/www.global-sense.com\/index.php\/wp-json\/wp\/v2\/types\/page"}],"author":[{"embeddable":true,"href":"https:\/\/www.global-sense.com\/index.php\/wp-json\/wp\/v2\/users\/1"}],"replies":[{"embeddable":true,"href":"https:\/\/www.global-sense.com\/index.php\/wp-json\/wp\/v2\/comments?post=827"}],"version-history":[{"count":112,"href":"https:\/\/www.global-sense.com\/index.php\/wp-json\/wp\/v2\/pages\/827\/revisions"}],"predecessor-version":[{"id":1426,"href":"https:\/\/www.global-sense.com\/index.php\/wp-json\/wp\/v2\/pages\/827\/revisions\/1426"}],"wp:attachment":[{"href":"https:\/\/www.global-sense.com\/index.php\/wp-json\/wp\/v2\/media?parent=827"}],"curies":[{"name":"wp","href":"https:\/\/api.w.org\/{rel}","templated":true}]}}